{"id":17,"date":"2023-03-15T16:52:12","date_gmt":"2023-03-15T15:52:12","guid":{"rendered":"https:\/\/www.zitherclub-ffb.de\/1Wordpress\/?page_id=17"},"modified":"2023-03-15T18:01:49","modified_gmt":"2023-03-15T17:01:49","slug":"kurz-chronik","status":"publish","type":"page","link":"https:\/\/www.zitherclub-ffb.de\/index.php\/kurz-chronik\/","title":{"rendered":"Kurz-Chronik"},"content":{"rendered":"\n<h3 class=\"wp-block-heading\">Die Geschichte des Zitherclubs: zum 70 j\u00e4hrigen Jubil\u00e4um 1998<\/h3>\n\n\n\n<figure class=\"wp-block-image size-full\"><img loading=\"lazy\" decoding=\"async\" width=\"394\" height=\"289\" src=\"https:\/\/www.zitherclub-ffb.de\/1Wordpress\/wp-content\/uploads\/2023\/03\/Fuchs.jpg\" alt=\"\" class=\"wp-image-73\" srcset=\"https:\/\/www.zitherclub-ffb.de\/wp-content\/uploads\/2023\/03\/Fuchs.jpg 394w, https:\/\/www.zitherclub-ffb.de\/wp-content\/uploads\/2023\/03\/Fuchs-300x220.jpg 300w, https:\/\/www.zitherclub-ffb.de\/wp-content\/uploads\/2023\/03\/Fuchs-150x110.jpg 150w, https:\/\/www.zitherclub-ffb.de\/wp-content\/uploads\/2023\/03\/Fuchs-204x150.jpg 204w\" sizes=\"auto, (max-width: 394px) 100vw, 394px\" \/><\/figure>\n\n\n\n<p>Gegr\u00fcndet wurde der Zitherclub F\u00fcrstenfeldbruck im September 1928 von dem Brucker Musiklehrer Hans Fuchs.<br><br>Zur Gr\u00fcndungszeit bestand der Verein aus sieben Mitgliedern, vornehmlich ehemalige Zither- und Gitarrensch\u00fclerinnen und -Sch\u00fcler.<br><br>In der Folgezeit wuchs die Mitgliederzahl und der Bekanntheitsgrad des Vereins schnell an und entwickelte ein hohes Ma\u00df an Geselligkeit. Bis zum Jahre 1937 stand der Zitherclub unter der musikalischen Leitung von Hans Fuchs, gef\u00fchrt wurde der Verein von den Vorst\u00e4nden Michael Hamaleser und Anton Wild.<br><br>W\u00e4hrend des zweiten Weltkrieges war das Clubleben nach au\u00dfen hin v\u00f6llig zum Erliegen gekommen. In einem privaten Kreis hatte man aber unter der Federf\u00fchrung von Josef Knoll und Matthias Mayer den Zitherclub \u00fcber die schlimme Zeit hinweg erhalten. So konnte unmittelbar nach dem Krieg unter der Leitung von Johann Kosak an eine offizielle Wiedergr\u00fcndung herangegangen werden.<br><br>Zu den Leuten dieser &#8222;zweiten&#8220; ersten Stunde geh\u00f6rte Sepp Thurner, der bis zur Wahl von Toni Wild dem Club vorstand.<br><br>Toni Wild f\u00fchrte den Verein mit nie gebrochener Aktivit\u00e4t fast zwanzig Jahre lang. Mit ebensolchem Engagement trat der langj\u00e4hrige Spielleiter Sepp Knoll dessen Nachfolge an. Als dieser sich, nach \u00fcber f\u00fcnfzig j\u00e4hriger aktiver Zugeh\u00f6rigkeit zum Club, 1983 zur\u00fcckzog, \u00fcbernahm Friedel Wirthm\u00fcller bis zum heutigen Tag den Vorsitz des Zitherclubs.<br><br>Der Verein, Zitherclub Frohsinn e.V. gegr. 1928, erhielt 1977 eine Satzung, in der als Sinn und Zweck des Vereins die Pflege der Bayrischen Heimat- und Hausmusik und die F\u00f6rderung des Zitherspiels festgeschrieben sind.<br><br>Die musikalische Leitung wurde in den unmittelbaren Nachkriegsjahren den Herren August Hickel (1946) und Jackl Zach (1948) erfolgreich \u00fcberantwortet. Bevor Jos. Aschka 1958 f\u00fcr sechs Jahre die musikalischen Geschicke des Verein lenkte, hatte Jos. Knoll vor\u00fcbergehend die Leitung \u00fcbernommen und auch in der Folgezeit auftretende \u201eL\u00fccken\u201c in der musik. Leitung ausgef\u00fcllt. So auch 1967, als der Komponist Quirin Amper nach einem Jahr als Dirigent des Zitherclubs nicht mehr zur Verf\u00fcgung stand.<br><br>Starke musikalische Akzente setzte der aus einer renommierten Musikerfamilie stammende Musiker und Komponist Rudi B\u00f6ttcher.<\/p>\n\n\n\n<figure class=\"wp-block-image size-full is-resized\"><img loading=\"lazy\" decoding=\"async\" src=\"https:\/\/www.zitherclub-ffb.de\/1Wordpress\/wp-content\/uploads\/2023\/03\/Rudi-87.jpg\" alt=\"\" class=\"wp-image-75\" width=\"182\" height=\"243\" srcset=\"https:\/\/www.zitherclub-ffb.de\/wp-content\/uploads\/2023\/03\/Rudi-87.jpg 296w, https:\/\/www.zitherclub-ffb.de\/wp-content\/uploads\/2023\/03\/Rudi-87-224x300.jpg 224w, https:\/\/www.zitherclub-ffb.de\/wp-content\/uploads\/2023\/03\/Rudi-87-112x150.jpg 112w\" sizes=\"auto, (max-width: 182px) 100vw, 182px\" \/><figcaption class=\"wp-element-caption\">Rudi B\u00f6ttcher<\/figcaption><\/figure>\n\n\n\n<p>Von 1968 bis zu seinem viel zu fr\u00fchen Ableben im Jahre 1992 f\u00fchrte er mit dem Zitherclub zahlreiche Konzerte mit gro\u00dfteils eigenen Kompositionen und Arrangements durch, die sich \u00fcber viele Jahre hinweg gro\u00dfer Beliebtheit und Anerkennung erfreuten. In diese Zeit f\u00e4llt auch der h\u00f6chste &#8222;Wirkungsgrad&#8220; des Zitherclubs nach au\u00dfen und nach innen.<br><br>Mit \u00fcber hundert Mitgliedern, davon 31 aktive Spieler, in den fr\u00fchen 80er Jahren, konnte der Club oft mehrere Veranstaltungen im Jahr durchf\u00fchren und erfolgreich gestalten.<br><br>Derzeit ist der Zitherclub mit seinen 58 Mitgliedern, davon 10 aktive Spieler, weiterhin in einer guten Ausgangslage bez\u00fcglich seiner Darstellungsm\u00f6glichkeiten in der \u00d6ffentlichkeit.<br>Die musikalische Leitung konnte in die fachkundigen H\u00e4nde des aktiven Zitherspielers, Dr. Michael Mayer, gegeben werden.<br><br>Die Weichen f\u00fcr eine gute musikalische Zukunft sind somit gestellt.<br><br>Das Wohl eines Musikvereines ist nicht zuletzt auch von einer interessierten \u00d6ffentlichkeit abh\u00e4ngig. Und so lange es Freunde der Zithermusik gibt, wird es auch f\u00fcr den Zitherclub in F\u00fcrstenfeldbruck eine Zukunft geben.<br><br>F\u00fcrstenfeldbruck 1998<\/p>\n\n\n\n<figure class=\"wp-block-image size-full is-resized\"><img loading=\"lazy\" decoding=\"async\" src=\"https:\/\/www.zitherclub-ffb.de\/1Wordpress\/wp-content\/uploads\/2023\/03\/Kirta-2012.jpg\" alt=\"\" class=\"wp-image-78\" width=\"188\" height=\"219\" srcset=\"https:\/\/www.zitherclub-ffb.de\/wp-content\/uploads\/2023\/03\/Kirta-2012.jpg 283w, https:\/\/www.zitherclub-ffb.de\/wp-content\/uploads\/2023\/03\/Kirta-2012-258x300.jpg 258w, https:\/\/www.zitherclub-ffb.de\/wp-content\/uploads\/2023\/03\/Kirta-2012-129x150.jpg 129w\" sizes=\"auto, (max-width: 188px) 100vw, 188px\" \/><\/figure>\n\n\n\n<p>&#8212;&#8212;&#8212;&#8212;&#8212;&#8212;&#8212;&#8212;&#8212;&#8212;&#8212;&#8212;&#8212;&#8212;&#8212;&#8212;&#8212;&#8212;&#8212;&#8212;&#8212;&#8212;&#8212;&#8212;&#8212;&#8212;&#8212;&#8212;&#8212;&#8212;&#8212;&#8212;&#8212;&#8212;&#8212;&#8212;&#8212;-<\/p>\n\n\n\n<p>Mit der ordentlichen Jahreshauptversammlung am<strong> 22.\u00a0April 2001<\/strong>\u00a0wurde die Vorstandschaft neu gew\u00e4hlt.<br>Die bisherige und langj\u00e4hrige Schriftf\u00fchrerin Friedericke Steininger wollte ihr Amt in andere H\u00e4nde geben, das sie \u00fcber 20 Jahre mit gro\u00dfer Sorgfalt f\u00fcr den Verein ausf\u00fcllte.<\/p>\n\n\n\n<p>Dem entsprechend hatten sich die Kandidaturen zur Vorstandschaft neu strukturiert.<\/p>\n\n\n\n<p>Gew\u00e4hlt wurde als 1. Vorsitzender Herr Michael Drexl, 2. Vorsitzende Frau Petra Oswald, Kasse Frau Annemarie Stockinger und der bisherige 1. Vorsitzende Friedel Wirthm\u00fcller \u00fcbernahm die Schriftf\u00fchrung, die sp\u00e4ter durch Neuwahlen 2013 von Frau Manuela Zorzi \u00fcbernommen wurde.<br>Mai 2013<\/p>\n\n\n\n<p>Mit der\u00a0ordentlichen Jahreshauptversammlung am\u00a0<strong>7.\u00a0Mai 2016<\/strong>\u00a0wurde die Vorstandschaft neu gew\u00e4hlt.<br>Gew\u00e4hlt wurden:<br>1. Vorstand &#8211; Petra Oswald (bisher 2. Vorstand)<br>2. Vorstand &#8211; Michaela Bock<br>Kasse und Schriftf\u00fchrung wie bisher &#8211; Annemarie Stockinger\u00a0 und Manuela Zorzi<\/p>\n\n\n\n<p>Aktueller Mitgliederstand: 34 davon\u00a014 aktiv<br>Mai 2016<\/p>\n\n\n\n<p>Mit der\u00a0ordentlichen Jahreshauptversammlung am\u00a0 <strong>25.\u00a0Juli 2022<\/strong>\u00a0wurde die Vorstandschaft neu gew\u00e4hlt.<br>Gew\u00e4hlt wurden:<br>1. Vorstand &#8211; Petra Oswald<br>2. Vorstand &#8211; Michaela Bock<br>Kasse\u00a0 &#8211; Annemarie Stockinger\u00a0<br>Schriftf\u00fchrung &#8211;\u00a0Manuela Zorzi<\/p>\n\n\n\n<p>\u00a0Aktueller Mitgliederstand:\u00a029 davon\u00a014 aktiv<br>Juli 2022<\/p>\n","protected":false},"excerpt":{"rendered":"<p>Die Geschichte des Zitherclubs: zum 70 j\u00e4hrigen Jubil\u00e4um 1998 Gegr\u00fcndet wurde der Zitherclub F\u00fcrstenfeldbruck im September 1928 von dem Brucker Musiklehrer Hans Fuchs. Zur Gr\u00fcndungszeit bestand der Verein aus sieben Mitgliedern, vornehmlich ehemalige Zither- und Gitarrensch\u00fclerinnen und -Sch\u00fcler. In der Folgezeit wuchs die Mitgliederzahl und der Bekanntheitsgrad des Vereins schnell&#8230; <a class=\"continue-reading-link\" href=\"https:\/\/www.zitherclub-ffb.de\/index.php\/kurz-chronik\/\">Weiterlesen &#8230; <span class=\"meta-nav\">&rarr; <\/span><\/a><\/p>\n","protected":false},"author":1,"featured_media":0,"parent":0,"menu_order":0,"comment_status":"closed","ping_status":"closed","template":"","meta":{"pgc_sgb_lightbox_settings":"","footnotes":""},"class_list":["post-17","page","type-page","status-publish","hentry"],"_links":{"self":[{"href":"https:\/\/www.zitherclub-ffb.de\/index.php\/wp-json\/wp\/v2\/pages\/17","targetHints":{"allow":["GET"]}}],"collection":[{"href":"https:\/\/www.zitherclub-ffb.de\/index.php\/wp-json\/wp\/v2\/pages"}],"about":[{"href":"https:\/\/www.zitherclub-ffb.de\/index.php\/wp-json\/wp\/v2\/types\/page"}],"author":[{"embeddable":true,"href":"https:\/\/www.zitherclub-ffb.de\/index.php\/wp-json\/wp\/v2\/users\/1"}],"replies":[{"embeddable":true,"href":"https:\/\/www.zitherclub-ffb.de\/index.php\/wp-json\/wp\/v2\/comments?post=17"}],"version-history":[{"count":7,"href":"https:\/\/www.zitherclub-ffb.de\/index.php\/wp-json\/wp\/v2\/pages\/17\/revisions"}],"predecessor-version":[{"id":79,"href":"https:\/\/www.zitherclub-ffb.de\/index.php\/wp-json\/wp\/v2\/pages\/17\/revisions\/79"}],"wp:attachment":[{"href":"https:\/\/www.zitherclub-ffb.de\/index.php\/wp-json\/wp\/v2\/media?parent=17"}],"curies":[{"name":"wp","href":"https:\/\/api.w.org\/{rel}","templated":true}]}}