{"id":20,"date":"2023-03-15T16:52:12","date_gmt":"2023-03-15T15:52:12","guid":{"rendered":"https:\/\/www.zitherclub-ffb.de\/1Wordpress\/?page_id=20"},"modified":"2023-03-15T17:42:55","modified_gmt":"2023-03-15T16:42:55","slug":"kontakt","status":"publish","type":"page","link":"https:\/\/www.zitherclub-ffb.de\/index.php\/kontakt\/","title":{"rendered":"Kontakt"},"content":{"rendered":"\n<p>Hier finden Sie unsere Ansprechpartner sowie Informationen, wo wir erreichbar sind:<\/p>\n\n\n\n<p><strong>1. Vorstand<\/strong><br>Petra Oswald<br>82256 F\u00fcrstenfeldbruck, Schillerstr. 30<br>Tel.: 0172 898 3523<\/p>\n\n\n\n<p><strong>2. Vorstand<\/strong><br>Michaela Bock<br>82256 F\u00fcrstenfeldbruck, Willy-Buchauer-Ring 47<br>Tel.: 08141-517640<br>E-mail:&nbsp;<a href=\"mailto:bock.mm@gmx.de\">bock.mm@gmx.de<\/a><\/p>\n\n\n\n<p><strong>Kasse<\/strong><br>Annemarie Stockinger<br>Tel.: 08141 5293835<\/p>\n\n\n\n<p><strong>Verantwortlich f\u00fcr den Inhalt der Seiten<\/strong><br>Friedel Wirthm\u00fcller<br>82256 F\u00fcrstenfeldbruck, Waldstr. 2<br>Tel.: 08141-91693<br>E-mail:&nbsp;<a href=\"mailto:friedel.wirthmueller@t-online.de\">friedel.wirthmueller@t-online.de<\/a><\/p>\n","protected":false},"excerpt":{"rendered":"<p>Hier finden Sie unsere Ansprechpartner sowie Informationen, wo wir erreichbar sind: 1. VorstandPetra Oswald82256 F\u00fcrstenfeldbruck, Schillerstr. 30Tel.: 0172 898 3523 2. VorstandMichaela Bock82256 F\u00fcrstenfeldbruck, Willy-Buchauer-Ring 47Tel.: 08141-517640E-mail:&nbsp;bock.mm@gmx.de KasseAnnemarie StockingerTel.: 08141 5293835 Verantwortlich f\u00fcr den Inhalt der SeitenFriedel Wirthm\u00fcller82256 F\u00fcrstenfeldbruck, Waldstr. 2Tel.: 08141-91693E-mail:&nbsp;friedel.wirthmueller@t-online.de<\/p>\n","protected":false},"author":1,"featured_media":0,"parent":0,"menu_order":0,"comment_status":"closed","ping_status":"closed","template":"","meta":{"pgc_sgb_lightbox_settings":"","footnotes":""},"class_list":["post-20","page","type-page","status-publish","hentry"],"_links":{"self":[{"href":"https:\/\/www.zitherclub-ffb.de\/index.php\/wp-json\/wp\/v2\/pages\/20","targetHints":{"allow":["GET"]}}],"collection":[{"href":"https:\/\/www.zitherclub-ffb.de\/index.php\/wp-json\/wp\/v2\/pages"}],"about":[{"href":"https:\/\/www.zitherclub-ffb.de\/index.php\/wp-json\/wp\/v2\/types\/page"}],"author":[{"embeddable":true,"href":"https:\/\/www.zitherclub-ffb.de\/index.php\/wp-json\/wp\/v2\/users\/1"}],"replies":[{"embeddable":true,"href":"https:\/\/www.zitherclub-ffb.de\/index.php\/wp-json\/wp\/v2\/comments?post=20"}],"version-history":[{"count":2,"href":"https:\/\/www.zitherclub-ffb.de\/index.php\/wp-json\/wp\/v2\/pages\/20\/revisions"}],"predecessor-version":[{"id":54,"href":"https:\/\/www.zitherclub-ffb.de\/index.php\/wp-json\/wp\/v2\/pages\/20\/revisions\/54"}],"wp:attachment":[{"href":"https:\/\/www.zitherclub-ffb.de\/index.php\/wp-json\/wp\/v2\/media?parent=20"}],"curies":[{"name":"wp","href":"https:\/\/api.w.org\/{rel}","templated":true}]}}